{"id":337,"date":"2018-06-09T07:07:36","date_gmt":"2018-06-09T07:07:36","guid":{"rendered":"http:\/\/ficodedemo.co.uk\/projects\/client\/netech\/wintech\/calendario-fiere\/"},"modified":"2025-07-29T14:47:50","modified_gmt":"2025-07-29T14:47:50","slug":"ferias-wintech-maquinas-inyeccion-calzado","status":"publish","type":"page","link":"https:\/\/www.wintechitalia.it\/es\/ferias-wintech-maquinas-inyeccion-calzado\/","title":{"rendered":"Calendario Ferias 2025"},"content":{"rendered":"\r\n<h4>Cada a\u00f1o, WINTECH partecipa a ferias en todo el mundo para presentar los \u00faltimos desarrollos e innovaciones en las m\u00e1quinas de inyeccion para suelas, botas y calzado. \u00a1Encu\u00e9ntranos en todas partes! Estados Unidos, Europa, Sudam\u00e9rica, Oriente. Visitenos!!<\/h4>\r\n\r\n\r\n\r\n<figure class=\"wp-block-image size-large\"><img loading=\"lazy\" width=\"1024\" height=\"683\" class=\"wp-image-2291\" src=\"https:\/\/www.wintechitalia.it\/wp-content\/uploads\/2018\/12\/simactanningtech-3526b-1024x683.jpg\" alt=\"ferias-wintech-maquinas-injectora\" srcset=\"https:\/\/www.wintechitalia.it\/wp-content\/uploads\/2018\/12\/simactanningtech-3526b-1024x683.jpg 1024w, https:\/\/www.wintechitalia.it\/wp-content\/uploads\/2018\/12\/simactanningtech-3526b-300x200.jpg 300w, https:\/\/www.wintechitalia.it\/wp-content\/uploads\/2018\/12\/simactanningtech-3526b-768x512.jpg 768w, https:\/\/www.wintechitalia.it\/wp-content\/uploads\/2018\/12\/simactanningtech-3526b-600x400.jpg 600w\" sizes=\"(max-width: 1024px) 100vw, 1024px\" \/><\/figure>\r\n\r\n\r\n\r\n<p>&nbsp;<\/p>\r\n","protected":false},"excerpt":{"rendered":"<p>Cada a\u00f1o, WINTECH partecipa a ferias en todo el mundo para presentar los \u00faltimos desarrollos e innovaciones en las m\u00e1quinas de inyeccion para suelas, botas y calzado. \u00a1Encu\u00e9ntranos en todas partes! Estados Unidos, Europa, Sudam\u00e9rica, Oriente. Visitenos!! &nbsp; [&#8230;]<\/p>\n<p><a class=\"btn btn-secondary understrap-read-more-link\" href=\"https:\/\/www.wintechitalia.it\/es\/ferias-wintech-maquinas-inyeccion-calzado\/\">Leer m\u00e1s&#8230;<span class=\"screen-reader-text\"> from Calendario Ferias 2025<\/span><\/a><\/p>\n","protected":false},"author":3,"featured_media":0,"parent":0,"menu_order":0,"comment_status":"closed","ping_status":"closed","template":"page-templates\/calendario-page.php","meta":[],"acf":[],"_links":{"self":[{"href":"https:\/\/www.wintechitalia.it\/es\/wp-json\/wp\/v2\/pages\/337"}],"collection":[{"href":"https:\/\/www.wintechitalia.it\/es\/wp-json\/wp\/v2\/pages"}],"about":[{"href":"https:\/\/www.wintechitalia.it\/es\/wp-json\/wp\/v2\/types\/page"}],"author":[{"embeddable":true,"href":"https:\/\/www.wintechitalia.it\/es\/wp-json\/wp\/v2\/users\/3"}],"replies":[{"embeddable":true,"href":"https:\/\/www.wintechitalia.it\/es\/wp-json\/wp\/v2\/comments?post=337"}],"version-history":[{"count":106,"href":"https:\/\/www.wintechitalia.it\/es\/wp-json\/wp\/v2\/pages\/337\/revisions"}],"predecessor-version":[{"id":4787,"href":"https:\/\/www.wintechitalia.it\/es\/wp-json\/wp\/v2\/pages\/337\/revisions\/4787"}],"wp:attachment":[{"href":"https:\/\/www.wintechitalia.it\/es\/wp-json\/wp\/v2\/media?parent=337"}],"curies":[{"name":"wp","href":"https:\/\/api.w.org\/{rel}","templated":true}]}}