{"id":4430,"date":"2021-04-21T16:13:32","date_gmt":"2021-04-21T16:13:32","guid":{"rendered":"https:\/\/www.wintechitalia.it\/usato\/"},"modified":"2024-01-09T10:20:20","modified_gmt":"2024-01-09T10:20:20","slug":"usado","status":"publish","type":"page","link":"https:\/\/www.wintechitalia.it\/es\/usado\/","title":{"rendered":"Usado"},"content":{"rendered":"<p>Adquirir una m\u00e1quina usada puede ser una excelente soluci\u00f3n para las empresas que buscan optimizar costos. Sin embargo, es crucial que la m\u00e1quina est\u00e9 en buenas condiciones y funcione correctamente. Es por eso que Wintech ofrece m\u00e1quinas revisadas y garantizadas. Las m\u00e1quinas revisadas son inspeccionadas por expertos y, si es necesario, se reparan para que funcionen al m\u00e1ximo de sus capacidades.<\/p>\n<p>Este proceso de revisi\u00f3n incluye una serie de controles, desde la verificaci\u00f3n de los componentes el\u00e9ctricos hasta la revisi\u00f3n de los sistemas mec\u00e1nicos. De esta manera, la m\u00e1quina se devuelve a sus condiciones originales y puede utilizarse de manera confiable y segura. Adem\u00e1s, las m\u00e1quinas revisadas vienen con una garant\u00eda que cubre cualquier problema que pueda surgir durante su uso. Esto significa que en caso de fallas o problemas, la empresa que adquiri\u00f3 la m\u00e1quina puede estar segura de recibir asistencia y reparaciones garantizadas.<\/p>\n","protected":false},"excerpt":{"rendered":"<p>Adquirir una m\u00e1quina usada puede ser una excelente soluci\u00f3n para las empresas que buscan optimizar costos. Sin embargo, es crucial que la m\u00e1quina est\u00e9 en buenas condiciones y funcione correctamente. Es por eso que Wintech ofrece m\u00e1quinas revisadas y garantizadas. Las m\u00e1quinas revisadas son inspeccionadas por expertos y, si es necesario, se reparan para que [&#8230;]<\/p>\n<p><a class=\"btn btn-secondary understrap-read-more-link\" href=\"https:\/\/www.wintechitalia.it\/es\/usado\/\">Leer m\u00e1s&#8230;<span class=\"screen-reader-text\"> from Usado<\/span><\/a><\/p>\n","protected":false},"author":2,"featured_media":0,"parent":0,"menu_order":0,"comment_status":"closed","ping_status":"closed","template":"page-templates\/usato.php","meta":[],"acf":[],"_links":{"self":[{"href":"https:\/\/www.wintechitalia.it\/es\/wp-json\/wp\/v2\/pages\/4430"}],"collection":[{"href":"https:\/\/www.wintechitalia.it\/es\/wp-json\/wp\/v2\/pages"}],"about":[{"href":"https:\/\/www.wintechitalia.it\/es\/wp-json\/wp\/v2\/types\/page"}],"author":[{"embeddable":true,"href":"https:\/\/www.wintechitalia.it\/es\/wp-json\/wp\/v2\/users\/2"}],"replies":[{"embeddable":true,"href":"https:\/\/www.wintechitalia.it\/es\/wp-json\/wp\/v2\/comments?post=4430"}],"version-history":[{"count":12,"href":"https:\/\/www.wintechitalia.it\/es\/wp-json\/wp\/v2\/pages\/4430\/revisions"}],"predecessor-version":[{"id":4573,"href":"https:\/\/www.wintechitalia.it\/es\/wp-json\/wp\/v2\/pages\/4430\/revisions\/4573"}],"wp:attachment":[{"href":"https:\/\/www.wintechitalia.it\/es\/wp-json\/wp\/v2\/media?parent=4430"}],"curies":[{"name":"wp","href":"https:\/\/api.w.org\/{rel}","templated":true}]}}