{"id":578,"date":"2018-06-09T07:00:00","date_gmt":"2018-06-09T07:00:00","guid":{"rendered":"http:\/\/ficodedemo.co.uk\/projects\/client\/netech\/wintech\/prodotti\/"},"modified":"2020-03-17T16:33:45","modified_gmt":"2020-03-17T16:33:45","slug":"maquinas-inyeccion-botas-suelas-calzado","status":"publish","type":"page","link":"https:\/\/www.wintechitalia.it\/es\/maquinas-inyeccion-botas-suelas-calzado\/","title":{"rendered":"M\u00c1QUINAS"},"content":{"rendered":"\n<p>Aqu\u00ed toda nuestra gama de m\u00e1quinas de inyecci\u00f3n para la producci\u00f3n de botas, suelas, inyecci\u00f3n Directa al corte en PVC, TR, RANIL, POLIURETANO y HULE, est\u00e1ticas y rotativas<\/p>\n","protected":false},"excerpt":{"rendered":"<p>Aqu\u00ed toda nuestra gama de m\u00e1quinas de inyecci\u00f3n para la producci\u00f3n de botas, suelas, inyecci\u00f3n Directa al corte en PVC, TR, RANIL, POLIURETANO y HULE, est\u00e1ticas y rotativas [&#8230;]<\/p>\n<p><a class=\"btn btn-secondary understrap-read-more-link\" href=\"https:\/\/www.wintechitalia.it\/es\/maquinas-inyeccion-botas-suelas-calzado\/\">Leer m\u00e1s&#8230;<span class=\"screen-reader-text\"> from M\u00c1QUINAS<\/span><\/a><\/p>\n","protected":false},"author":3,"featured_media":2945,"parent":0,"menu_order":0,"comment_status":"closed","ping_status":"closed","template":"page-templates\/prodotti-page.php","meta":[],"acf":[],"_links":{"self":[{"href":"https:\/\/www.wintechitalia.it\/es\/wp-json\/wp\/v2\/pages\/578"}],"collection":[{"href":"https:\/\/www.wintechitalia.it\/es\/wp-json\/wp\/v2\/pages"}],"about":[{"href":"https:\/\/www.wintechitalia.it\/es\/wp-json\/wp\/v2\/types\/page"}],"author":[{"embeddable":true,"href":"https:\/\/www.wintechitalia.it\/es\/wp-json\/wp\/v2\/users\/3"}],"replies":[{"embeddable":true,"href":"https:\/\/www.wintechitalia.it\/es\/wp-json\/wp\/v2\/comments?post=578"}],"version-history":[{"count":5,"href":"https:\/\/www.wintechitalia.it\/es\/wp-json\/wp\/v2\/pages\/578\/revisions"}],"predecessor-version":[{"id":3216,"href":"https:\/\/www.wintechitalia.it\/es\/wp-json\/wp\/v2\/pages\/578\/revisions\/3216"}],"wp:featuredmedia":[{"embeddable":true,"href":"https:\/\/www.wintechitalia.it\/es\/wp-json\/wp\/v2\/media\/2945"}],"wp:attachment":[{"href":"https:\/\/www.wintechitalia.it\/es\/wp-json\/wp\/v2\/media?parent=578"}],"curies":[{"name":"wp","href":"https:\/\/api.w.org\/{rel}","templated":true}]}}