{"id":1041,"date":"2018-06-18T12:37:26","date_gmt":"2018-06-18T12:37:26","guid":{"rendered":"http:\/\/ficodedemo.co.uk\/projects\/client\/netech\/wintech\/product\/winshoes-201\/"},"modified":"2020-03-02T11:16:41","modified_gmt":"2020-03-02T11:16:41","slug":"winshoes-201","status":"publish","type":"product","link":"https:\/\/www.wintechitalia.it\/es\/producto\/winshoes-201\/","title":{"rendered":"WINSHOES 201"},"content":{"rendered":"","protected":false},"excerpt":{"rendered":"<p><strong>Maquina de inyeccion en la cancha 18, 24 \u00f3 30 estaciones, para la producci\u00f3n de zapato en mono o doble densidades en Poliuretano (PU)<\/strong><\/p>\n<p>Las Winshoes representan una verdadera innovaci\u00f3n especialmente para la nueva configuraci\u00f3n del portamolde, lo que permite un f\u00e1cil acceso a todas las operaci\u00f3nes manuales y rob\u00f3ticas en el \u00e1rea del molde, gracias a la gran carrera de apertura entre los anillos de 285 mm.<br \/>\nInyector en baja presi\u00f3n con el tornillo de mezclado autolimpiante con la cabeza adecuada para el alojamiento 7 unidades boquilla, materiales \/ colores con los intercambiables de las posiciones.<br \/>\nLa m\u00e1quina puede automatizarse completamente, agregando la rob\u00f3tica por el cardado y desmoldante [&#8230;]<\/p>\n<p><a class=\"btn btn-secondary understrap-read-more-link\" href=\"https:\/\/www.wintechitalia.it\/es\/producto\/winshoes-201\/\">Leer m\u00e1s&#8230;<span class=\"screen-reader-text\"> from WINSHOES 201<\/span><\/a><\/p>\n","protected":false},"featured_media":2945,"template":"","meta":[],"product_cat":[22],"product_tag":[],"acf":[],"_links":{"self":[{"href":"https:\/\/www.wintechitalia.it\/es\/wp-json\/wp\/v2\/product\/1041"}],"collection":[{"href":"https:\/\/www.wintechitalia.it\/es\/wp-json\/wp\/v2\/product"}],"about":[{"href":"https:\/\/www.wintechitalia.it\/es\/wp-json\/wp\/v2\/types\/product"}],"wp:featuredmedia":[{"embeddable":true,"href":"https:\/\/www.wintechitalia.it\/es\/wp-json\/wp\/v2\/media\/2945"}],"wp:attachment":[{"href":"https:\/\/www.wintechitalia.it\/es\/wp-json\/wp\/v2\/media?parent=1041"}],"wp:term":[{"taxonomy":"product_cat","embeddable":true,"href":"https:\/\/www.wintechitalia.it\/es\/wp-json\/wp\/v2\/product_cat?post=1041"},{"taxonomy":"product_tag","embeddable":true,"href":"https:\/\/www.wintechitalia.it\/es\/wp-json\/wp\/v2\/product_tag?post=1041"}],"curies":[{"name":"wp","href":"https:\/\/api.w.org\/{rel}","templated":true}]}}