{"id":1047,"date":"2018-06-18T12:35:11","date_gmt":"2018-06-18T12:35:11","guid":{"rendered":"http:\/\/ficodedemo.co.uk\/projects\/client\/netech\/wintech\/product\/wf203\/"},"modified":"2020-03-02T12:07:44","modified_gmt":"2020-03-02T12:07:44","slug":"wf203","status":"publish","type":"product","link":"https:\/\/www.wintechitalia.it\/es\/producto\/wf203\/","title":{"rendered":"WF203"},"content":{"rendered":"","protected":false},"excerpt":{"rendered":"<p><strong>M\u00e1quina autom\u00e1tica rotativa de 14-16-18 estaciones para la producci\u00f3n de botas mono y bidensidad en Poliuretano: PU\/PU y TPU\/PU.<\/strong><\/p>\n<p>Configuraci\u00f3n con 2 inyectores Pu\/Pu o 3 inyectores PU\/PU\/TPU , elevada productividad gracias al sistema de inyecci\u00f3n suela\/ca\u00f1a que permite la inyecci\u00f3n de la suela durante el tiempo de cura de la bota final, alcanzando una productividad m\u00e1s alta con respecto a las m\u00e1quinas de la competencia.<\/p>\n<p>Molde en posici\u00f3n vertical para permitir una natural y sencilla acci\u00f3n del operador, como la puesta de la plantilla, de la puntera y de las medias.<\/p>\n<p>Aperturas molde anchas para permitir la f\u00e1cil acci\u00f3n del operador en las operaciones de siliconado, limpieza y manutenci\u00f3n.<\/p>\n<p>Cierre del portamolde con autocompensaci\u00f3n de las diferencias de espesores molde.<\/p>\n<p><strong>Versi\u00f3n TPU\/PU<\/strong>: m\u00e1quina equipada con colada de poliuretano termopl\u00e1stico para la formaci\u00f3n del fondo de la suela. [&#8230;]<\/p>\n<p><a class=\"btn btn-secondary understrap-read-more-link\" href=\"https:\/\/www.wintechitalia.it\/es\/producto\/wf203\/\">Leer m\u00e1s&#8230;<span class=\"screen-reader-text\"> from WF203<\/span><\/a><\/p>\n","protected":false},"featured_media":2965,"template":"","meta":[],"product_cat":[22],"product_tag":[],"acf":[],"_links":{"self":[{"href":"https:\/\/www.wintechitalia.it\/es\/wp-json\/wp\/v2\/product\/1047"}],"collection":[{"href":"https:\/\/www.wintechitalia.it\/es\/wp-json\/wp\/v2\/product"}],"about":[{"href":"https:\/\/www.wintechitalia.it\/es\/wp-json\/wp\/v2\/types\/product"}],"wp:featuredmedia":[{"embeddable":true,"href":"https:\/\/www.wintechitalia.it\/es\/wp-json\/wp\/v2\/media\/2965"}],"wp:attachment":[{"href":"https:\/\/www.wintechitalia.it\/es\/wp-json\/wp\/v2\/media?parent=1047"}],"wp:term":[{"taxonomy":"product_cat","embeddable":true,"href":"https:\/\/www.wintechitalia.it\/es\/wp-json\/wp\/v2\/product_cat?post=1047"},{"taxonomy":"product_tag","embeddable":true,"href":"https:\/\/www.wintechitalia.it\/es\/wp-json\/wp\/v2\/product_tag?post=1047"}],"curies":[{"name":"wp","href":"https:\/\/api.w.org\/{rel}","templated":true}]}}