{"id":1050,"date":"2018-06-18T12:33:54","date_gmt":"2018-06-18T12:33:54","guid":{"rendered":"http:\/\/ficodedemo.co.uk\/projects\/client\/netech\/wintech\/product\/wf201\/"},"modified":"2020-03-10T17:01:18","modified_gmt":"2020-03-10T17:01:18","slug":"wf201_inyeccion_botas_poliuretano","status":"publish","type":"product","link":"https:\/\/www.wintechitalia.it\/es\/producto\/wf201_inyeccion_botas_poliuretano\/","title":{"rendered":"WF201"},"content":{"rendered":"","protected":false},"excerpt":{"rendered":"<h5><strong>M\u00e1quina autom\u00e1tica rotativa de 8-10-12 estaciones para la producci\u00f3n de botas Poliuretano mono y bidensidad PU o PU\/PU.<\/strong><\/h5>\n<p>&nbsp;<\/p>\n<p>Configuraci\u00f3n con 1 inyector dotado demovimiento vertical autom\u00e1tico para la inyecci\u00f3n antes de la suela antes y luego de la ca\u00f1a.<\/p>\n<p><a href=\"https:\/\/www.wintechitalia.it\/es\/stampi\/\">Molde<\/a> en posici\u00f3n vertical para una natural y sencilla acci\u00f3n del operador, como la puesta de la plantilla, de la puntera y de las medias.<\/p>\n<p>Aperturas molde anchas para permitir una facil acci\u00f3n del operador en las operaciones de siliconado, limpieza y manutenci\u00f3n.<\/p>\n<p>Cierre del portamolde con autocompensaci\u00f3n de las diferencias de espesores molde.<\/p>\n<p>M\u00e1quina entry-level para limitar la inversi\u00f3n de inicio de producci\u00f3n de moldes en PU.<\/p>\n<p>&nbsp; [&#8230;]<\/p>\n<p><a class=\"btn btn-secondary understrap-read-more-link\" href=\"https:\/\/www.wintechitalia.it\/es\/producto\/wf201_inyeccion_botas_poliuretano\/\">Leer m\u00e1s&#8230;<span class=\"screen-reader-text\"> from WF201<\/span><\/a><\/p>\n","protected":false},"featured_media":3057,"template":"","meta":[],"product_cat":[22],"product_tag":[],"acf":[],"_links":{"self":[{"href":"https:\/\/www.wintechitalia.it\/es\/wp-json\/wp\/v2\/product\/1050"}],"collection":[{"href":"https:\/\/www.wintechitalia.it\/es\/wp-json\/wp\/v2\/product"}],"about":[{"href":"https:\/\/www.wintechitalia.it\/es\/wp-json\/wp\/v2\/types\/product"}],"wp:featuredmedia":[{"embeddable":true,"href":"https:\/\/www.wintechitalia.it\/es\/wp-json\/wp\/v2\/media\/3057"}],"wp:attachment":[{"href":"https:\/\/www.wintechitalia.it\/es\/wp-json\/wp\/v2\/media?parent=1050"}],"wp:term":[{"taxonomy":"product_cat","embeddable":true,"href":"https:\/\/www.wintechitalia.it\/es\/wp-json\/wp\/v2\/product_cat?post=1050"},{"taxonomy":"product_tag","embeddable":true,"href":"https:\/\/www.wintechitalia.it\/es\/wp-json\/wp\/v2\/product_tag?post=1050"}],"curies":[{"name":"wp","href":"https:\/\/api.w.org\/{rel}","templated":true}]}}