{"id":1053,"date":"2018-06-18T12:33:05","date_gmt":"2018-06-18T12:33:05","guid":{"rendered":"http:\/\/ficodedemo.co.uk\/projects\/client\/netech\/wintech\/product\/shine-one-tpu\/"},"modified":"2018-08-02T10:11:49","modified_gmt":"2018-08-02T10:11:49","slug":"shine-one-tpu","status":"publish","type":"product","link":"https:\/\/www.wintechitalia.it\/es\/producto\/shine-one-tpu\/","title":{"rendered":"SHINE ONE TPU"},"content":{"rendered":"","protected":false},"excerpt":{"rendered":"<p><strong>M\u00e1quina autom\u00e1tica rotativa multiestaci\u00f3n para la producci\u00f3n de hondos de suelas en poliuretano termopl\u00e1stico TPU con sistema de COLADA (POURING).<\/strong><\/p>\n<p>Perfecta distribuci\u00f3n\u00a0<em>en multizona<\/em>\u00a0del material en la cavidad del molde manejable directamente del panel de control.<\/p>\n<p>Cierre del portamolde realizado por dos cilindros hidr\u00e1ulicos qua actuan sobre la entera zona del molde para un cierre perfecto.<\/p>\n<p>Ancha carrera de abertura para operaciones de colada y montaje insiertos. [&#8230;]<\/p>\n<p><a class=\"btn btn-secondary understrap-read-more-link\" href=\"https:\/\/www.wintechitalia.it\/es\/producto\/shine-one-tpu\/\">Leer m\u00e1s&#8230;<span class=\"screen-reader-text\"> from SHINE ONE TPU<\/span><\/a><\/p>\n","protected":false},"featured_media":1800,"template":"","meta":[],"product_cat":[22],"product_tag":[],"acf":[],"_links":{"self":[{"href":"https:\/\/www.wintechitalia.it\/es\/wp-json\/wp\/v2\/product\/1053"}],"collection":[{"href":"https:\/\/www.wintechitalia.it\/es\/wp-json\/wp\/v2\/product"}],"about":[{"href":"https:\/\/www.wintechitalia.it\/es\/wp-json\/wp\/v2\/types\/product"}],"wp:featuredmedia":[{"embeddable":true,"href":"https:\/\/www.wintechitalia.it\/es\/wp-json\/wp\/v2\/media\/1800"}],"wp:attachment":[{"href":"https:\/\/www.wintechitalia.it\/es\/wp-json\/wp\/v2\/media?parent=1053"}],"wp:term":[{"taxonomy":"product_cat","embeddable":true,"href":"https:\/\/www.wintechitalia.it\/es\/wp-json\/wp\/v2\/product_cat?post=1053"},{"taxonomy":"product_tag","embeddable":true,"href":"https:\/\/www.wintechitalia.it\/es\/wp-json\/wp\/v2\/product_tag?post=1053"}],"curies":[{"name":"wp","href":"https:\/\/api.w.org\/{rel}","templated":true}]}}