{"id":1056,"date":"2018-06-18T12:32:15","date_gmt":"2018-06-18T12:32:15","guid":{"rendered":"http:\/\/ficodedemo.co.uk\/projects\/client\/netech\/wintech\/product\/bieva-203\/"},"modified":"2024-12-16T14:41:58","modified_gmt":"2024-12-16T14:41:58","slug":"eva-bicolor-suelas-sandalias","status":"publish","type":"product","link":"https:\/\/www.wintechitalia.it\/es\/producto\/eva-bicolor-suelas-sandalias\/","title":{"rendered":"WE203BIEVA"},"content":{"rendered":"","protected":false},"excerpt":{"rendered":"<h4><span style=\"color: #000000;\">EVA BICOLOR nunca ha sido tan sencilla.<\/span><br \/>\n<span style=\"color: #000000;\">WE203BiEVA para la inyeccion de suelas y sandalias de EVA bicolor<\/span><\/h4>\n<p><span style=\"color: #000000;\">La serie WE203BiEVA es una gama de m\u00e1quinas dise\u00f1adas para el moldeo de suelas, sandalias y botas de agua de EVA bicolor. Su configuraci\u00f3n operativa es id\u00e9ntica a la de una m\u00e1quina monocrom\u00e1tica, garantizando una simplicidad sin precedentes en la inyeccion bicolor.<\/span><\/p>\n<p><strong><span style=\"color: #000000;\">Caracter\u00edsticas principales:<\/span><\/strong><br \/>\n<span style=\"color: #000000;\">&#8211; <strong>Portamoldes de gran tama\u00f1o<\/strong>, con una apertura de 430 mm que facilita las operaciones manuales, asegurando comodidad y rapidez de ejecuci\u00f3n.<\/span><br \/>\n<span style=\"color: #000000;\">&#8211; <strong>Prensa de doble plato<\/strong> con un sistema hidromec\u00e1nico de cierre diferencial autocompensante.<\/span><br \/>\n<span style=\"color: #000000;\">&#8211; <strong>Apertura con sistema de rodillera<\/strong>, situada en la parte superior del portamoldes, que permite una apertura r\u00e1pida y movimientos extremadamente fluidos.<\/span><br \/>\n<span style=\"color: #000000;\">&#8211; <strong>Configuraci\u00f3n lineal<\/strong>, sin zonas delimitadas para el operador, ofreciendo una operatividad id\u00e9ntica a la de la m\u00e1quina monocrom\u00e1tica.<\/span><\/p>\n<h4><span style=\"color: #000000;\">Un avance tecnol\u00f3gico en eficiencia y sostenibilidad<\/span><\/h4>\n<p><span style=\"color: #000000;\">La eliminaci\u00f3n completa de los bebederos de inyecci\u00f3n representa un importante avance tecnol\u00f3gico, reduciendo el desperdicio de material entre un 10 y un 15%. Esta innovaci\u00f3n aporta beneficios significativos en t\u00e9rminos de productividad y sostenibilidad.<\/span><\/p>\n<p><strong><span style=\"color: #000000;\">Beneficios principales:<\/span><\/strong><br \/>\n<span style=\"color: #000000;\">&#8211; <strong>Cero desperdicio de material:<\/strong> La eliminaci\u00f3n total de los bebederos significa menos residuos para desechar o reciclar.<\/span><br \/>\n<span style=\"color: #000000;\">&#8211; <strong>Reducci\u00f3n del tiempo de limpieza:<\/strong> El proceso optimizado hace que el mantenimiento del molde sea m\u00e1s r\u00e1pido y sencillo.<\/span><br \/>\n<span style=\"color: #000000;\">&#8211; <strong>Proceso m\u00e1s fluido y fiable<\/strong>: Los problemas tradicionales asociados al moldeo de EVA bicolor quedan completamente solucionados.<\/span><\/p>\n<p><span style=\"color: #000000;\">Con WE203BiEVA, la simplicidad y la eficiencia redefinen los est\u00e1ndares del moldeo de EVA bic<\/span>olor. [&#8230;]<\/p>\n<p><a class=\"btn btn-secondary understrap-read-more-link\" href=\"https:\/\/www.wintechitalia.it\/es\/producto\/eva-bicolor-suelas-sandalias\/\">Leer m\u00e1s&#8230;<span class=\"screen-reader-text\"> from WE203BIEVA<\/span><\/a><\/p>\n","protected":false},"featured_media":4743,"template":"","meta":[],"product_cat":[99],"product_tag":[],"acf":[],"_links":{"self":[{"href":"https:\/\/www.wintechitalia.it\/es\/wp-json\/wp\/v2\/product\/1056"}],"collection":[{"href":"https:\/\/www.wintechitalia.it\/es\/wp-json\/wp\/v2\/product"}],"about":[{"href":"https:\/\/www.wintechitalia.it\/es\/wp-json\/wp\/v2\/types\/product"}],"wp:featuredmedia":[{"embeddable":true,"href":"https:\/\/www.wintechitalia.it\/es\/wp-json\/wp\/v2\/media\/4743"}],"wp:attachment":[{"href":"https:\/\/www.wintechitalia.it\/es\/wp-json\/wp\/v2\/media?parent=1056"}],"wp:term":[{"taxonomy":"product_cat","embeddable":true,"href":"https:\/\/www.wintechitalia.it\/es\/wp-json\/wp\/v2\/product_cat?post=1056"},{"taxonomy":"product_tag","embeddable":true,"href":"https:\/\/www.wintechitalia.it\/es\/wp-json\/wp\/v2\/product_tag?post=1056"}],"curies":[{"name":"wp","href":"https:\/\/api.w.org\/{rel}","templated":true}]}}