{"id":1068,"date":"2018-06-18T12:26:48","date_gmt":"2018-06-18T12:26:48","guid":{"rendered":"http:\/\/ficodedemo.co.uk\/projects\/client\/netech\/wintech\/product\/wr\/"},"modified":"2022-09-13T13:52:19","modified_gmt":"2022-09-13T13:52:19","slug":"wrm-2","status":"publish","type":"product","link":"https:\/\/www.wintechitalia.it\/es\/producto\/wrm-2\/","title":{"rendered":"WRM"},"content":{"rendered":"","protected":false},"excerpt":{"rendered":"<h2>M\u00e1quina rotativa multiestaci\u00f3n para el moldeo por inyecci\u00f3n de pl\u00e1sticos reciclados heterog\u00e9neos, Rpo-limix, mezclas de pvc obtenidas de la recuperaci\u00f3n de cables el\u00e9ctricos y poliolefinas.<\/h2>\n<p>El carrusel es configurable de 6 a 8 estaciones<\/p>\n<p>Las m\u00e1quinas rotativas de varias estaciones con prensa vertical son especialmente adecuadas para una gran producci\u00f3n de productos.<\/p>\n<p>Los par\u00e1metros de inyecci\u00f3n caracter\u00edsticos (presi\u00f3n-velocidad-volumen) se pueden identificar con libertad de elecci\u00f3n, creando as\u00ed un \u00abperfil de inyecci\u00f3n\u00bb \u00f3ptimo para cada molde en beneficio de la calidad del producto y la flexibilidad de producci\u00f3n.<\/p>\n<p>La alta producci\u00f3n horaria que proporciona la extrusora continua se transforma en una alta y flexible potencia de inyecci\u00f3n. [&#8230;]<\/p>\n<p><a class=\"btn btn-secondary understrap-read-more-link\" href=\"https:\/\/www.wintechitalia.it\/es\/producto\/wrm-2\/\">Leer m\u00e1s&#8230;<span class=\"screen-reader-text\"> from WRM<\/span><\/a><\/p>\n","protected":false},"featured_media":4258,"template":"","meta":[],"product_cat":[22],"product_tag":[],"acf":[],"_links":{"self":[{"href":"https:\/\/www.wintechitalia.it\/es\/wp-json\/wp\/v2\/product\/1068"}],"collection":[{"href":"https:\/\/www.wintechitalia.it\/es\/wp-json\/wp\/v2\/product"}],"about":[{"href":"https:\/\/www.wintechitalia.it\/es\/wp-json\/wp\/v2\/types\/product"}],"wp:featuredmedia":[{"embeddable":true,"href":"https:\/\/www.wintechitalia.it\/es\/wp-json\/wp\/v2\/media\/4258"}],"wp:attachment":[{"href":"https:\/\/www.wintechitalia.it\/es\/wp-json\/wp\/v2\/media?parent=1068"}],"wp:term":[{"taxonomy":"product_cat","embeddable":true,"href":"https:\/\/www.wintechitalia.it\/es\/wp-json\/wp\/v2\/product_cat?post=1068"},{"taxonomy":"product_tag","embeddable":true,"href":"https:\/\/www.wintechitalia.it\/es\/wp-json\/wp\/v2\/product_tag?post=1068"}],"curies":[{"name":"wp","href":"https:\/\/api.w.org\/{rel}","templated":true}]}}