{"id":1074,"date":"2018-06-18T12:24:51","date_gmt":"2018-06-18T12:24:51","guid":{"rendered":"http:\/\/ficodedemo.co.uk\/projects\/client\/netech\/wintech\/product\/wp102\/"},"modified":"2021-06-24T09:14:49","modified_gmt":"2021-06-24T09:14:49","slug":"wp102","status":"publish","type":"product","link":"https:\/\/www.wintechitalia.it\/es\/producto\/wp102\/","title":{"rendered":"WP102"},"content":{"rendered":"","protected":false},"excerpt":{"rendered":"<p><strong>M\u00e1quina autom\u00e1tica rotativa para la producci\u00f3n de art\u00edculos todopl\u00e1stico monocolores en materiales termopl\u00e1sticos: botas de 24 cm de alto m\u00e1ximo, chanclas y sandalias.Inyecci\u00f3n al par.<\/strong><\/p>\n<p>Elevada producci\u00f3n horaria y la alta calidad del producto inyectado con materiales compactos o expandidos garantizados por el excelente enfriamiento disponible.<br \/>\n<strong>Versi\u00f3n \u201cCOMBI\u201d<\/strong>equipada con una especial cabeza de coinyecci\u00f3n que combina y modula la inyecci\u00f3n de 2 inyectores al mismo tiempo y permite conseguir mezclas de los materiales con efectos pluricrom\u00e1ticos particulares en el producto inyectado. [&#8230;]<\/p>\n<p><a class=\"btn btn-secondary understrap-read-more-link\" href=\"https:\/\/www.wintechitalia.it\/es\/producto\/wp102\/\">Leer m\u00e1s&#8230;<span class=\"screen-reader-text\"> from WP102<\/span><\/a><\/p>\n","protected":false},"featured_media":2197,"template":"","meta":[],"product_cat":[22],"product_tag":[],"acf":[],"_links":{"self":[{"href":"https:\/\/www.wintechitalia.it\/es\/wp-json\/wp\/v2\/product\/1074"}],"collection":[{"href":"https:\/\/www.wintechitalia.it\/es\/wp-json\/wp\/v2\/product"}],"about":[{"href":"https:\/\/www.wintechitalia.it\/es\/wp-json\/wp\/v2\/types\/product"}],"wp:featuredmedia":[{"embeddable":true,"href":"https:\/\/www.wintechitalia.it\/es\/wp-json\/wp\/v2\/media\/2197"}],"wp:attachment":[{"href":"https:\/\/www.wintechitalia.it\/es\/wp-json\/wp\/v2\/media?parent=1074"}],"wp:term":[{"taxonomy":"product_cat","embeddable":true,"href":"https:\/\/www.wintechitalia.it\/es\/wp-json\/wp\/v2\/product_cat?post=1074"},{"taxonomy":"product_tag","embeddable":true,"href":"https:\/\/www.wintechitalia.it\/es\/wp-json\/wp\/v2\/product_tag?post=1074"}],"curies":[{"name":"wp","href":"https:\/\/api.w.org\/{rel}","templated":true}]}}