{"id":1083,"date":"2018-06-18T12:21:29","date_gmt":"2018-06-18T12:21:29","guid":{"rendered":"http:\/\/ficodedemo.co.uk\/projects\/client\/netech\/wintech\/product\/miura\/"},"modified":"2018-08-02T09:54:44","modified_gmt":"2018-08-02T09:54:44","slug":"miura","status":"publish","type":"product","link":"https:\/\/www.wintechitalia.it\/es\/producto\/miura\/","title":{"rendered":"MIURA"},"content":{"rendered":"","protected":false},"excerpt":{"rendered":"<p><strong>M\u00e1quina inyectora autom\u00e1tica lineal, con inyectores que trasladan, para la producci\u00f3n de suelas monocolores, bicolores y tricolores en materiales compactos y expandidos.<\/strong><\/p>\n<p>Cierre hidr\u00e1ulico directo mediante sistema de bloque hidr\u00e1ulico (<em>hydro-block<\/em>) con carretera reducida. Cierre garantizado con compensaci\u00f3n autom\u00e1tica de las diferencias de alturas molde.<\/p>\n<p>Elevada flexibilidad combinada con alta productividad gracias a los inyectores que se mueven y garantizan la optimizaci\u00f3n de los tiempos de ciclo.<\/p>\n<p>Portamolde con \u201ccabeza cuadrada\u201dcon rotaci\u00f3n de 90\u00b0. [&#8230;]<\/p>\n<p><a class=\"btn btn-secondary understrap-read-more-link\" href=\"https:\/\/www.wintechitalia.it\/es\/producto\/miura\/\">Leer m\u00e1s&#8230;<span class=\"screen-reader-text\"> from MIURA<\/span><\/a><\/p>\n","protected":false},"featured_media":1644,"template":"","meta":[],"product_cat":[99],"product_tag":[],"acf":[],"_links":{"self":[{"href":"https:\/\/www.wintechitalia.it\/es\/wp-json\/wp\/v2\/product\/1083"}],"collection":[{"href":"https:\/\/www.wintechitalia.it\/es\/wp-json\/wp\/v2\/product"}],"about":[{"href":"https:\/\/www.wintechitalia.it\/es\/wp-json\/wp\/v2\/types\/product"}],"wp:featuredmedia":[{"embeddable":true,"href":"https:\/\/www.wintechitalia.it\/es\/wp-json\/wp\/v2\/media\/1644"}],"wp:attachment":[{"href":"https:\/\/www.wintechitalia.it\/es\/wp-json\/wp\/v2\/media?parent=1083"}],"wp:term":[{"taxonomy":"product_cat","embeddable":true,"href":"https:\/\/www.wintechitalia.it\/es\/wp-json\/wp\/v2\/product_cat?post=1083"},{"taxonomy":"product_tag","embeddable":true,"href":"https:\/\/www.wintechitalia.it\/es\/wp-json\/wp\/v2\/product_tag?post=1083"}],"curies":[{"name":"wp","href":"https:\/\/api.w.org\/{rel}","templated":true}]}}