{"id":1086,"date":"2018-06-18T12:20:43","date_gmt":"2018-06-18T12:20:43","guid":{"rendered":"http:\/\/ficodedemo.co.uk\/projects\/client\/netech\/wintech\/product\/stratos\/"},"modified":"2018-08-02T09:53:16","modified_gmt":"2018-08-02T09:53:16","slug":"stratos","status":"publish","type":"product","link":"https:\/\/www.wintechitalia.it\/es\/producto\/stratos\/","title":{"rendered":"STRATOS"},"content":{"rendered":"","protected":false},"excerpt":{"rendered":"<p><strong>M\u00e1quina autom\u00e1tica est\u00e1tica para la producci\u00f3n de suelas mono y bicolores en materiales compactos y expandidos.<\/strong><\/p>\n<p>Configuraci\u00f3n robusta y compacta.<\/p>\n<p>Interfaz multit\u00e1ctil simple y intuitiva.<\/p>\n<p>Grande flexibilidad en la gesti\u00f3n de los colores y de los materiales.<\/p>\n<p>Movimiento inyectores para la realizaci\u00f3n de diferentes ciclos de inyecci\u00f3n.<\/p>\n<p>Movimiento\u00a0<em>tender\u00a0<\/em>del portamolde para un f\u00e1cil y completo acceso del operador en la zona del molde. [&#8230;]<\/p>\n<p><a class=\"btn btn-secondary understrap-read-more-link\" href=\"https:\/\/www.wintechitalia.it\/es\/producto\/stratos\/\">Leer m\u00e1s&#8230;<span class=\"screen-reader-text\"> from STRATOS<\/span><\/a><\/p>\n","protected":false},"featured_media":1632,"template":"","meta":[],"product_cat":[100],"product_tag":[],"acf":[],"_links":{"self":[{"href":"https:\/\/www.wintechitalia.it\/es\/wp-json\/wp\/v2\/product\/1086"}],"collection":[{"href":"https:\/\/www.wintechitalia.it\/es\/wp-json\/wp\/v2\/product"}],"about":[{"href":"https:\/\/www.wintechitalia.it\/es\/wp-json\/wp\/v2\/types\/product"}],"wp:featuredmedia":[{"embeddable":true,"href":"https:\/\/www.wintechitalia.it\/es\/wp-json\/wp\/v2\/media\/1632"}],"wp:attachment":[{"href":"https:\/\/www.wintechitalia.it\/es\/wp-json\/wp\/v2\/media?parent=1086"}],"wp:term":[{"taxonomy":"product_cat","embeddable":true,"href":"https:\/\/www.wintechitalia.it\/es\/wp-json\/wp\/v2\/product_cat?post=1086"},{"taxonomy":"product_tag","embeddable":true,"href":"https:\/\/www.wintechitalia.it\/es\/wp-json\/wp\/v2\/product_tag?post=1086"}],"curies":[{"name":"wp","href":"https:\/\/api.w.org\/{rel}","templated":true}]}}