{"id":1089,"date":"2018-06-18T12:19:50","date_gmt":"2018-06-18T12:19:50","guid":{"rendered":"http:\/\/ficodedemo.co.uk\/projects\/client\/netech\/wintech\/product\/elios\/"},"modified":"2018-08-02T09:51:08","modified_gmt":"2018-08-02T09:51:08","slug":"elios","status":"publish","type":"product","link":"https:\/\/www.wintechitalia.it\/es\/producto\/elios\/","title":{"rendered":"ELIOS"},"content":{"rendered":"","protected":false},"excerpt":{"rendered":"<p><strong>M\u00e1quina inyectora autom\u00e1tica rotativa de 8-10 estaciones para la producci\u00f3n de suelas monocolores y bicolores en materiales termopl\u00e1sticos compactos y expandidos.<\/strong><\/p>\n<p>M\u00e1quina con dos prensas y dos inyectores separados: ciclo bicolor realizado con dos inyecciones consecutivas en posici\u00f3nes diferentes.<\/p>\n<p>Ciclos de inyecci\u00f3n con materiales compacto\/compacto o compacto\/expandido: perfecto pegamiento de la intrasuela inyectada inmediatamente sobre la suela.<\/p>\n<p>Portamolde adecuado para moldes en dos piezas y tres piezas.<\/p>\n<p>Ciclos de producci\u00f3n sobrepuestos a los tiempos de enfriamiento.<\/p>\n<p>Producci\u00f3n horaria netamente superior a la de las m\u00e1quinas est\u00e1ticas. [&#8230;]<\/p>\n<p><a class=\"btn btn-secondary understrap-read-more-link\" href=\"https:\/\/www.wintechitalia.it\/es\/producto\/elios\/\">Leer m\u00e1s&#8230;<span class=\"screen-reader-text\"> from ELIOS<\/span><\/a><\/p>\n","protected":false},"featured_media":1628,"template":"","meta":[],"product_cat":[22],"product_tag":[],"acf":[],"_links":{"self":[{"href":"https:\/\/www.wintechitalia.it\/es\/wp-json\/wp\/v2\/product\/1089"}],"collection":[{"href":"https:\/\/www.wintechitalia.it\/es\/wp-json\/wp\/v2\/product"}],"about":[{"href":"https:\/\/www.wintechitalia.it\/es\/wp-json\/wp\/v2\/types\/product"}],"wp:featuredmedia":[{"embeddable":true,"href":"https:\/\/www.wintechitalia.it\/es\/wp-json\/wp\/v2\/media\/1628"}],"wp:attachment":[{"href":"https:\/\/www.wintechitalia.it\/es\/wp-json\/wp\/v2\/media?parent=1089"}],"wp:term":[{"taxonomy":"product_cat","embeddable":true,"href":"https:\/\/www.wintechitalia.it\/es\/wp-json\/wp\/v2\/product_cat?post=1089"},{"taxonomy":"product_tag","embeddable":true,"href":"https:\/\/www.wintechitalia.it\/es\/wp-json\/wp\/v2\/product_tag?post=1089"}],"curies":[{"name":"wp","href":"https:\/\/api.w.org\/{rel}","templated":true}]}}