{"id":1091,"date":"2018-06-18T12:19:04","date_gmt":"2018-06-18T12:19:04","guid":{"rendered":"http:\/\/ficodedemo.co.uk\/projects\/client\/netech\/wintech\/product\/ghibli\/"},"modified":"2018-08-02T09:46:23","modified_gmt":"2018-08-02T09:46:23","slug":"ghibli","status":"publish","type":"product","link":"https:\/\/www.wintechitalia.it\/es\/producto\/ghibli\/","title":{"rendered":"GHIBLI"},"content":{"rendered":"","protected":false},"excerpt":{"rendered":"<p><strong>M\u00e1quina inyectora autom\u00e1tica rotativa de 4-6-8 estaciones para la producci\u00f3n de suelas monocolores y bicolores en materiales termopl\u00e1sticos compactos y expandidos.<\/strong><\/p>\n<p>M\u00e1quina con una prensa y dos inyectores sobrepuestos: ciclo bicolor realizado con dos inyecciones consecutivas en la misma posici\u00f3n.<\/p>\n<p>Ciclos de inyecci\u00f3n con materiales compacto\/compacto o compacto\/expandido: perfecto pegamiento de la intrasuela inyectada inmediatamente sobre la suela.<\/p>\n<p>Portamolde adecuado para moldes al par monocolores en dos piezas y bicolores en tres piezas.<\/p>\n<p>Ausencia de tiempos muertos durante el ciclo productivo. [&#8230;]<\/p>\n<p><a class=\"btn btn-secondary understrap-read-more-link\" href=\"https:\/\/www.wintechitalia.it\/es\/producto\/ghibli\/\">Leer m\u00e1s&#8230;<span class=\"screen-reader-text\"> from GHIBLI<\/span><\/a><\/p>\n","protected":false},"featured_media":1612,"template":"","meta":[],"product_cat":[22],"product_tag":[],"acf":[],"_links":{"self":[{"href":"https:\/\/www.wintechitalia.it\/es\/wp-json\/wp\/v2\/product\/1091"}],"collection":[{"href":"https:\/\/www.wintechitalia.it\/es\/wp-json\/wp\/v2\/product"}],"about":[{"href":"https:\/\/www.wintechitalia.it\/es\/wp-json\/wp\/v2\/types\/product"}],"wp:featuredmedia":[{"embeddable":true,"href":"https:\/\/www.wintechitalia.it\/es\/wp-json\/wp\/v2\/media\/1612"}],"wp:attachment":[{"href":"https:\/\/www.wintechitalia.it\/es\/wp-json\/wp\/v2\/media?parent=1091"}],"wp:term":[{"taxonomy":"product_cat","embeddable":true,"href":"https:\/\/www.wintechitalia.it\/es\/wp-json\/wp\/v2\/product_cat?post=1091"},{"taxonomy":"product_tag","embeddable":true,"href":"https:\/\/www.wintechitalia.it\/es\/wp-json\/wp\/v2\/product_tag?post=1091"}],"curies":[{"name":"wp","href":"https:\/\/api.w.org\/{rel}","templated":true}]}}