{"id":1094,"date":"2018-06-18T12:18:11","date_gmt":"2018-06-18T12:18:11","guid":{"rendered":"http:\/\/ficodedemo.co.uk\/projects\/client\/netech\/wintech\/product\/boradue\/"},"modified":"2020-10-30T14:13:30","modified_gmt":"2020-10-30T14:13:30","slug":"maquina-inyeccion-suelas-boradue","status":"publish","type":"product","link":"https:\/\/www.wintechitalia.it\/es\/producto\/maquina-inyeccion-suelas-boradue\/","title":{"rendered":"BORADUE"},"content":{"rendered":"","protected":false},"excerpt":{"rendered":"<h4><span style=\"color: #000000;\">M\u00e1quina rotativa compacta y flexible de 3 estaciones para la producci\u00f3n de suelas bicolores en materiales termopl\u00e1sticos<\/span><\/h4>\n<p><span style=\"color: #000000;\"><br \/>\nBORADUE es la perfecta combinaci\u00f3n entre la versatilidad de las m\u00e1quinas est\u00e1ticas y la productividad de las rotativas,<\/span><\/p>\n<p><span style=\"color: #000000;\">Dos programas de trabajo para una\u00a0<strong>extrema flexibilidad\u00a0de producci\u00f3n<\/strong>:<\/span><\/p>\n<p><span style=\"color: #000000;\">\u2013 Ciclo con intercambio debajo de la prensa<\/span><br \/>\n<span style=\"color: #000000;\">\u2013 Ciclo en dos vueltas para extra enfriamiento<\/span><\/p>\n<p><span style=\"color: #000000;\">Los dos programas de inyecci\u00f3n\u00a0<strong>permiten elegir el mejor ciclo productivo en base al producto<\/strong>, <span style=\"color: #0000ff;\"><strong><a style=\"color: #0000ff;\" href=\"https:\/\/www.wintechitalia.it\/moulds-juniortech\/\">moldes<\/a><\/strong><\/span>, al material a inyectar, a los diferentes enfriamientos, conservando una elevada producci\u00f3n gracias a la configuraci\u00f3n rotatoria, <strong>eliminando todos los tiempos muertos de una m\u00e1quina est\u00e1tica<\/strong><\/span> [&#8230;]<\/p>\n<p><a class=\"btn btn-secondary understrap-read-more-link\" href=\"https:\/\/www.wintechitalia.it\/es\/producto\/maquina-inyeccion-suelas-boradue\/\">Leer m\u00e1s&#8230;<span class=\"screen-reader-text\"> from BORADUE<\/span><\/a><\/p>\n","protected":false},"featured_media":2970,"template":"","meta":[],"product_cat":[22],"product_tag":[],"acf":[],"_links":{"self":[{"href":"https:\/\/www.wintechitalia.it\/es\/wp-json\/wp\/v2\/product\/1094"}],"collection":[{"href":"https:\/\/www.wintechitalia.it\/es\/wp-json\/wp\/v2\/product"}],"about":[{"href":"https:\/\/www.wintechitalia.it\/es\/wp-json\/wp\/v2\/types\/product"}],"wp:featuredmedia":[{"embeddable":true,"href":"https:\/\/www.wintechitalia.it\/es\/wp-json\/wp\/v2\/media\/2970"}],"wp:attachment":[{"href":"https:\/\/www.wintechitalia.it\/es\/wp-json\/wp\/v2\/media?parent=1094"}],"wp:term":[{"taxonomy":"product_cat","embeddable":true,"href":"https:\/\/www.wintechitalia.it\/es\/wp-json\/wp\/v2\/product_cat?post=1094"},{"taxonomy":"product_tag","embeddable":true,"href":"https:\/\/www.wintechitalia.it\/es\/wp-json\/wp\/v2\/product_tag?post=1094"}],"curies":[{"name":"wp","href":"https:\/\/api.w.org\/{rel}","templated":true}]}}