{"id":1098,"date":"2018-06-18T12:17:27","date_gmt":"2018-06-18T12:17:27","guid":{"rendered":"http:\/\/ficodedemo.co.uk\/projects\/client\/netech\/wintech\/product\/bora\/"},"modified":"2020-10-29T17:06:16","modified_gmt":"2020-10-29T17:06:16","slug":"maquina-suelas-pvc-rotativa-bora","status":"publish","type":"product","link":"https:\/\/www.wintechitalia.it\/es\/producto\/maquina-suelas-pvc-rotativa-bora\/","title":{"rendered":"BORA"},"content":{"rendered":"","protected":false},"excerpt":{"rendered":"<h4>Maquinas Inyectora para suelas PVC &#8211; TR autom\u00e1tica 6-8-10 estaciones para la producci\u00f3n de suelas monocolor en materiales termopl\u00e1sticos compactos y expandidos<\/h4>\n<p>&nbsp;<\/p>\n<p><span style=\"color: #000000;\">Gracias a la configuraci\u00f3n rotativa, la m\u00e1quina se presta para la inyecci\u00f3n de materiales expandidos y super expandidos, inyectando incluso suelas voluminosas manteniendo un bajo peso del producto terminado.<\/span><\/p>\n<p><span style=\"color: #000000;\">Las ventajas de la configuraci\u00f3n rotativa son muchas: bajo consumo, bajo mantenimiento, repetibilidad absoluta del peso \/ material especialmente en las espumas, alta producci\u00f3n horaria.<\/span> [&#8230;]<\/p>\n<p><a class=\"btn btn-secondary understrap-read-more-link\" href=\"https:\/\/www.wintechitalia.it\/es\/producto\/maquina-suelas-pvc-rotativa-bora\/\">Leer m\u00e1s&#8230;<span class=\"screen-reader-text\"> from BORA<\/span><\/a><\/p>\n","protected":false},"featured_media":3562,"template":"","meta":[],"product_cat":[22],"product_tag":[],"acf":[],"_links":{"self":[{"href":"https:\/\/www.wintechitalia.it\/es\/wp-json\/wp\/v2\/product\/1098"}],"collection":[{"href":"https:\/\/www.wintechitalia.it\/es\/wp-json\/wp\/v2\/product"}],"about":[{"href":"https:\/\/www.wintechitalia.it\/es\/wp-json\/wp\/v2\/types\/product"}],"wp:featuredmedia":[{"embeddable":true,"href":"https:\/\/www.wintechitalia.it\/es\/wp-json\/wp\/v2\/media\/3562"}],"wp:attachment":[{"href":"https:\/\/www.wintechitalia.it\/es\/wp-json\/wp\/v2\/media?parent=1098"}],"wp:term":[{"taxonomy":"product_cat","embeddable":true,"href":"https:\/\/www.wintechitalia.it\/es\/wp-json\/wp\/v2\/product_cat?post=1098"},{"taxonomy":"product_tag","embeddable":true,"href":"https:\/\/www.wintechitalia.it\/es\/wp-json\/wp\/v2\/product_tag?post=1098"}],"curies":[{"name":"wp","href":"https:\/\/api.w.org\/{rel}","templated":true}]}}