{"id":1099,"date":"2018-06-18T12:16:35","date_gmt":"2018-06-18T12:16:35","guid":{"rendered":"http:\/\/ficodedemo.co.uk\/projects\/client\/netech\/wintech\/product\/wlx303\/"},"modified":"2020-10-29T13:59:48","modified_gmt":"2020-10-29T13:59:48","slug":"maquina-botas-pvc-tr-wlx303","status":"publish","type":"product","link":"https:\/\/www.wintechitalia.it\/es\/producto\/maquina-botas-pvc-tr-wlx303\/","title":{"rendered":"WLX303"},"content":{"rendered":"","protected":false},"excerpt":{"rendered":"<h4>M\u00e1quina autom\u00e1tica rotativa de 8-10-12 estaciones, para la producci\u00f3n de botas de lluvia, trabajo y seguridad monocolores, bicolores o tricolores en materiales termopl\u00e1sticos<\/h4>\n<p>&nbsp;<\/p>\n<p><span style=\"color: #000000;\">Dos unidades prensa independientes y un total de 3 inyectores. Dos inyectores superpuestos en el primer grupo de prensado (ca\u00f1a y suela), el tercer inyector en el segundo grupo prensa (entresuela).<\/span><\/p>\n<p><span style=\"color: #000000;\">Gracias a esta configuraci\u00f3n, la m\u00e1quina puede producir botas de lluvia, de trabajo y de seguridad con 3 colores distintos. Todos los ciclos de producci\u00f3n son posibles: Ca\u00f1a \/ Suela (C\/S), Suela \/ Ca\u00f1a (S\/C) y tricolor con Ca\u00f1a \/ Suela \/ Entresuela (C\/S\/E)<\/span><\/p>\n<p>&nbsp; [&#8230;]<\/p>\n<p><a class=\"btn btn-secondary understrap-read-more-link\" href=\"https:\/\/www.wintechitalia.it\/es\/producto\/maquina-botas-pvc-tr-wlx303\/\">Leer m\u00e1s&#8230;<span class=\"screen-reader-text\"> from WLX303<\/span><\/a><\/p>\n","protected":false},"featured_media":2937,"template":"","meta":[],"product_cat":[22],"product_tag":[],"acf":[],"_links":{"self":[{"href":"https:\/\/www.wintechitalia.it\/es\/wp-json\/wp\/v2\/product\/1099"}],"collection":[{"href":"https:\/\/www.wintechitalia.it\/es\/wp-json\/wp\/v2\/product"}],"about":[{"href":"https:\/\/www.wintechitalia.it\/es\/wp-json\/wp\/v2\/types\/product"}],"wp:featuredmedia":[{"embeddable":true,"href":"https:\/\/www.wintechitalia.it\/es\/wp-json\/wp\/v2\/media\/2937"}],"wp:attachment":[{"href":"https:\/\/www.wintechitalia.it\/es\/wp-json\/wp\/v2\/media?parent=1099"}],"wp:term":[{"taxonomy":"product_cat","embeddable":true,"href":"https:\/\/www.wintechitalia.it\/es\/wp-json\/wp\/v2\/product_cat?post=1099"},{"taxonomy":"product_tag","embeddable":true,"href":"https:\/\/www.wintechitalia.it\/es\/wp-json\/wp\/v2\/product_tag?post=1099"}],"curies":[{"name":"wp","href":"https:\/\/api.w.org\/{rel}","templated":true}]}}