{"id":1103,"date":"2018-06-18T12:15:43","date_gmt":"2018-06-18T12:15:43","guid":{"rendered":"http:\/\/ficodedemo.co.uk\/projects\/client\/netech\/wintech\/product\/wlx203\/"},"modified":"2020-10-29T11:14:47","modified_gmt":"2020-10-29T11:14:47","slug":"maquina-inyeccion-botas-wlx203","status":"publish","type":"product","link":"https:\/\/www.wintechitalia.it\/es\/producto\/maquina-inyeccion-botas-wlx203\/","title":{"rendered":"WLX203"},"content":{"rendered":"","protected":false},"excerpt":{"rendered":"<h4><span style=\"color: #000000;\">M\u00e1quina autom\u00e1tica rotativa, de 8-10-12 estaci\u00f3nes, para la producci\u00f3n de botas monocolores y bicolores en materiales termopl\u00e1sticos.<\/span><\/h4>\n<p><span style=\"color: #000000;\"><br \/>\nGracias a las dos unidades de inyecci\u00f3n \/ prensa separadas, la WLX203 tambi\u00e9n es adecuada para la producci\u00f3n de botas de seguridad con l\u00e1mina de acero y puntera montadas directamente en el molde, as\u00ed como botas de lluvia y de trabajo.<br \/>\n<\/span><br \/>\n<span style=\"color: #000000;\">La m\u00e1quina puede trabajar con sistemas C\/S y S\/C incluso durante el mismo ciclo de producci\u00f3n gracias al cambio de posici\u00f3n automatizado de la unidad de inyecci\u00f3n suela.<\/span> [&#8230;]<\/p>\n<p><a class=\"btn btn-secondary understrap-read-more-link\" href=\"https:\/\/www.wintechitalia.it\/es\/producto\/maquina-inyeccion-botas-wlx203\/\">Leer m\u00e1s&#8230;<span class=\"screen-reader-text\"> from WLX203<\/span><\/a><\/p>\n","protected":false},"featured_media":2937,"template":"","meta":[],"product_cat":[22],"product_tag":[],"acf":[],"_links":{"self":[{"href":"https:\/\/www.wintechitalia.it\/es\/wp-json\/wp\/v2\/product\/1103"}],"collection":[{"href":"https:\/\/www.wintechitalia.it\/es\/wp-json\/wp\/v2\/product"}],"about":[{"href":"https:\/\/www.wintechitalia.it\/es\/wp-json\/wp\/v2\/types\/product"}],"wp:featuredmedia":[{"embeddable":true,"href":"https:\/\/www.wintechitalia.it\/es\/wp-json\/wp\/v2\/media\/2937"}],"wp:attachment":[{"href":"https:\/\/www.wintechitalia.it\/es\/wp-json\/wp\/v2\/media?parent=1103"}],"wp:term":[{"taxonomy":"product_cat","embeddable":true,"href":"https:\/\/www.wintechitalia.it\/es\/wp-json\/wp\/v2\/product_cat?post=1103"},{"taxonomy":"product_tag","embeddable":true,"href":"https:\/\/www.wintechitalia.it\/es\/wp-json\/wp\/v2\/product_tag?post=1103"}],"curies":[{"name":"wp","href":"https:\/\/api.w.org\/{rel}","templated":true}]}}