{"id":1107,"date":"2018-06-18T12:14:47","date_gmt":"2018-06-18T12:14:47","guid":{"rendered":"http:\/\/ficodedemo.co.uk\/projects\/client\/netech\/wintech\/product\/wlx201\/"},"modified":"2020-10-29T11:00:53","modified_gmt":"2020-10-29T11:00:53","slug":"maquina-inyeccion-botas-pvc-wlx20","status":"publish","type":"product","link":"https:\/\/www.wintechitalia.it\/es\/producto\/maquina-inyeccion-botas-pvc-wlx20\/","title":{"rendered":"WLX201"},"content":{"rendered":"","protected":false},"excerpt":{"rendered":"<h4><strong>M\u00e1quina autom\u00e1tica rotativa de 6-8 estaciones para la producci\u00f3n de botas monocolores y bicolores en materiales termopl\u00e1sticos hasta los 49 cm de alto.<\/strong><\/h4>\n<p><span style=\"color: #000000;\"><br \/>\nGracias al sistema de inyecci\u00f3n S\/C (Suela\/Ca\u00f1a) <\/span><span style=\"color: #000000;\">que siempre permite un\u00a0 perfecto enfriamiento de la suela, la m\u00e1quina es muy productiva a pesar del reducido n\u00famero de estaciones. WLX201 es adapta para la producci\u00f3n de botas de trabajo y de lluvia en uno y dos colores.<\/span> [&#8230;]<\/p>\n<p><a class=\"btn btn-secondary understrap-read-more-link\" href=\"https:\/\/www.wintechitalia.it\/es\/producto\/maquina-inyeccion-botas-pvc-wlx20\/\">Leer m\u00e1s&#8230;<span class=\"screen-reader-text\"> from WLX201<\/span><\/a><\/p>\n","protected":false},"featured_media":3115,"template":"","meta":[],"product_cat":[22],"product_tag":[],"acf":[],"_links":{"self":[{"href":"https:\/\/www.wintechitalia.it\/es\/wp-json\/wp\/v2\/product\/1107"}],"collection":[{"href":"https:\/\/www.wintechitalia.it\/es\/wp-json\/wp\/v2\/product"}],"about":[{"href":"https:\/\/www.wintechitalia.it\/es\/wp-json\/wp\/v2\/types\/product"}],"wp:featuredmedia":[{"embeddable":true,"href":"https:\/\/www.wintechitalia.it\/es\/wp-json\/wp\/v2\/media\/3115"}],"wp:attachment":[{"href":"https:\/\/www.wintechitalia.it\/es\/wp-json\/wp\/v2\/media?parent=1107"}],"wp:term":[{"taxonomy":"product_cat","embeddable":true,"href":"https:\/\/www.wintechitalia.it\/es\/wp-json\/wp\/v2\/product_cat?post=1107"},{"taxonomy":"product_tag","embeddable":true,"href":"https:\/\/www.wintechitalia.it\/es\/wp-json\/wp\/v2\/product_tag?post=1107"}],"curies":[{"name":"wp","href":"https:\/\/api.w.org\/{rel}","templated":true}]}}