{"id":3839,"date":"2021-03-29T08:23:23","date_gmt":"2021-03-29T08:23:23","guid":{"rendered":"https:\/\/www.wintechitalia.it\/product\/macchina-stampaggio-eva-iniezione-we2\/"},"modified":"2021-04-01T09:16:51","modified_gmt":"2021-04-01T09:16:51","slug":"maquina-inyectora-eva-suelas-we2b","status":"publish","type":"product","link":"https:\/\/www.wintechitalia.it\/es\/producto\/maquina-inyectora-eva-suelas-we2b\/","title":{"rendered":"WE203 B"},"content":{"rendered":"","protected":false},"excerpt":{"rendered":"<h3><span style=\"color: #000000;\"><strong>Maquina inyectora EVA reticulada, configuraci\u00f3n lineal con 2 inyectores traslantes, cierre \/ apertura con rodillera, de 2 a 10 estaciones.<\/strong><\/span><\/h3>\n<p>&nbsp;<\/p>\n<p><span style=\"color: #000000;\">WE203 B es la m\u00e1quina inyectora EVA para suelas como de sandalias y chanclos. <strong>Portamolde de grande tama\u00f1o para un f\u00e1cil utilizo de parte de operador en todas las operaciones manuales<\/strong> de extracci\u00f3n del producto, limpieza de moldes y aplicaci\u00f3n del desmoldante. <strong>Platos portamolde autoadaptables <\/strong>y calentados para la reticulaci\u00f3n del material en el molde. Sistema de cierre por medio de <strong>rodillera y 4 cilindros hidr\u00e1ulico por cada estaci\u00f3n<\/strong> que garantizan un alto tonelaje, abarcando todas las necesidades de los fabricantes de calzado y de otros fabricantes.<\/span><\/p>\n<p>&nbsp;<\/p>\n<p><span style=\"color: #000000;\">Adem\u00e1s de la versi\u00f3n est\u00e1ndar que ofrece dimensiones del portamolde aptas para la producci\u00f3n de suelas y sandalias y art\u00edculos de tama\u00f1o peque\u00f1o y mediano, tambi\u00e9n est\u00e1 disponible la versi\u00f3n con portamolde mayorado con un mayor recorrido de apertura, as\u00ed permitiendo una m\u00e1s f\u00e1cil producci\u00f3n de botas en EVA y art\u00edculos de grandes tama\u00f1o como la inyecci\u00f3n de ruedas y guardabarros en <a href=\"https:\/\/www.wintechitalia.it\/es\/maquinas-inyeccion-botas-suelas-calzado\/?swoof=1&amp;active=materiale&amp;pa_materiale=eva-es&amp;paged=1\">EVA<\/a>, garantizando al operador un amplio espacio de trabajo durante todas las operaciones manuales del operador a bordo de la m\u00e1quina, tales como extracci\u00f3n, limpieza de <a href=\"http:\/\/www.juniortech.it\">moldes<\/a> y aplicaci\u00f3n del agente de liberaci\u00f3n.<\/span> [&#8230;]<\/p>\n<p><a class=\"btn btn-secondary understrap-read-more-link\" href=\"https:\/\/www.wintechitalia.it\/es\/producto\/maquina-inyectora-eva-suelas-we2b\/\">Leer m\u00e1s&#8230;<span class=\"screen-reader-text\"> from WE203 B<\/span><\/a><\/p>\n","protected":false},"featured_media":4041,"template":"","meta":[],"product_cat":[99],"product_tag":[],"acf":[],"_links":{"self":[{"href":"https:\/\/www.wintechitalia.it\/es\/wp-json\/wp\/v2\/product\/3839"}],"collection":[{"href":"https:\/\/www.wintechitalia.it\/es\/wp-json\/wp\/v2\/product"}],"about":[{"href":"https:\/\/www.wintechitalia.it\/es\/wp-json\/wp\/v2\/types\/product"}],"wp:featuredmedia":[{"embeddable":true,"href":"https:\/\/www.wintechitalia.it\/es\/wp-json\/wp\/v2\/media\/4041"}],"wp:attachment":[{"href":"https:\/\/www.wintechitalia.it\/es\/wp-json\/wp\/v2\/media?parent=3839"}],"wp:term":[{"taxonomy":"product_cat","embeddable":true,"href":"https:\/\/www.wintechitalia.it\/es\/wp-json\/wp\/v2\/product_cat?post=3839"},{"taxonomy":"product_tag","embeddable":true,"href":"https:\/\/www.wintechitalia.it\/es\/wp-json\/wp\/v2\/product_tag?post=3839"}],"curies":[{"name":"wp","href":"https:\/\/api.w.org\/{rel}","templated":true}]}}