{"id":4429,"date":"2021-04-21T16:13:32","date_gmt":"2021-04-21T16:13:32","guid":{"rendered":"https:\/\/www.wintechitalia.it\/usato\/"},"modified":"2024-01-09T09:57:13","modified_gmt":"2024-01-09T09:57:13","slug":"usato","status":"publish","type":"page","link":"https:\/\/www.wintechitalia.it\/ru\/usato\/","title":{"rendered":"Usato"},"content":{"rendered":"<p>Acquisire una macchina usata pu\u00f2 essere un&#8217;ottima soluzione per le aziende che cercano di ottimizzare i costi.<br \/>\nTuttavia, \u00e8 importante che la macchina sia in buone condizioni e funzioni correttamente. Ecco perch\u00e9 Wintech offre macchine <strong>revisionate e garantite<\/strong>.<\/p>\n<p>Le macchine revisionate sono state controllate da esperti e riparate se necessario, in modo da funzionare al meglio delle loro capacit\u00e0.<br \/>\nQuesto processo di revisione include una serie di controlli, dalla verifica dei componenti elettrici alla verifica dei sistemi meccanici. In questo modo, la macchina viene riportata alle condizioni originali e pu\u00f2 essere utilizzata in modo affidabile e sicuro.<\/p>\n<p>Inoltre, le macchine revisionate sono accompagnate da una garanzia che copre eventuali problemi che potrebbero verificarsi durante l&#8217;utilizzo.<br \/>\nQuesto significa che in caso di guasti o problemi, l&#8217;azienda che ha acquistato la macchina pu\u00f2 essere certa di ricevere assistenza e riparazioni.<\/p>\n","protected":false},"excerpt":{"rendered":"<p>Acquisire una macchina usata pu\u00f2 essere un&#8217;ottima soluzione per le aziende che cercano di ottimizzare i costi. Tuttavia, \u00e8 importante che la macchina sia in buone condizioni e funzioni correttamente. Ecco perch\u00e9 Wintech offre macchine revisionate e garantite. Le macchine revisionate sono state controllate da esperti e riparate se necessario, in modo da funzionare al [&#8230;]<\/p>\n<p><a class=\"btn btn-secondary understrap-read-more-link\" href=\"https:\/\/www.wintechitalia.it\/ru\/usato\/\">\u0427\u0438\u0442\u0430\u0442\u044c \u0434\u0430\u043b\u044c\u0448\u0435\u2026<span class=\"screen-reader-text\"> from Usato<\/span><\/a><\/p>\n","protected":false},"author":2,"featured_media":0,"parent":0,"menu_order":0,"comment_status":"closed","ping_status":"closed","template":"page-templates\/usato.php","meta":[],"acf":[],"_links":{"self":[{"href":"https:\/\/www.wintechitalia.it\/ru\/wp-json\/wp\/v2\/pages\/4429"}],"collection":[{"href":"https:\/\/www.wintechitalia.it\/ru\/wp-json\/wp\/v2\/pages"}],"about":[{"href":"https:\/\/www.wintechitalia.it\/ru\/wp-json\/wp\/v2\/types\/page"}],"author":[{"embeddable":true,"href":"https:\/\/www.wintechitalia.it\/ru\/wp-json\/wp\/v2\/users\/2"}],"replies":[{"embeddable":true,"href":"https:\/\/www.wintechitalia.it\/ru\/wp-json\/wp\/v2\/comments?post=4429"}],"version-history":[{"count":6,"href":"https:\/\/www.wintechitalia.it\/ru\/wp-json\/wp\/v2\/pages\/4429\/revisions"}],"predecessor-version":[{"id":4569,"href":"https:\/\/www.wintechitalia.it\/ru\/wp-json\/wp\/v2\/pages\/4429\/revisions\/4569"}],"wp:attachment":[{"href":"https:\/\/www.wintechitalia.it\/ru\/wp-json\/wp\/v2\/media?parent=4429"}],"curies":[{"name":"wp","href":"https:\/\/api.w.org\/{rel}","templated":true}]}}